{"id":8241,"date":"2022-05-04T01:00:00","date_gmt":"2022-05-03T17:00:00","guid":{"rendered":"http:\/\/test.hohsing.com\/?page_id=8241"},"modified":"2024-02-29T15:34:33","modified_gmt":"2024-02-29T07:34:33","slug":"service-cs-america-en","status":"publish","type":"page","link":"https:\/\/www.hohsing.com\/index.php\/service-cs-america-en\/","title":{"rendered":"Service Centers &#8211; Central &#038; South America"},"content":{"rendered":"\t\t<div data-elementor-type=\"wp-page\" data-elementor-id=\"8241\" class=\"elementor elementor-8241\">\n\t\t\t\t<div class=\"elementor-element elementor-element-57b69c0 e-flex e-con-boxed e-con e-parent\" data-id=\"57b69c0\" data-element_type=\"container\" data-e-type=\"container\" data-settings=\"{&quot;background_background&quot;:&quot;classic&quot;}\">\n\t\t\t\t\t<div class=\"e-con-inner\">\n\t\t\t\t<div class=\"elementor-element elementor-element-a68e05a elementor-widget__width-auto elementor-hidden-mobile elementor-widget elementor-widget-elementskit-tablepress\" data-id=\"a68e05a\" data-element_type=\"widget\" data-e-type=\"widget\" data-widget_type=\"elementskit-tablepress.default\">\n\t\t\t\t<div class=\"elementor-widget-container\">\n\t\t\t\t\t<div class=\"elemenetskit-tablepress ekit-wid-con\" id=\"ekit_tablepress_a68e05a\">\n<table id=\"tablepress-243\" class=\"tablepress tablepress-id-243\">\n<tbody>\n<tr class=\"row-1\">\n\t<td class=\"column-1\"><div id=\"map-service-cs-america-en\" style=\"width: 476px; margin: auto;\"><img decoding=\"async\" src=\"\/wp-content\/uploads\/map-south-america-unscreen.gif\" alt=\"\" usemap=\"#Map4\" border=\"0\" title=\"Hohsing -\"><map name=\"Map4\"><area coords=\"305,39,382,92\" shape=\"rect\" href=\"index.php\/service-asia-en\" \/><area coords=\"54,35,114,78\" shape=\"rect\" href=\"index.php\/service-n-america-en\" \/><area coords=\"107,136,168,172\" shape=\"rect\" href=\"index.php\/service-cs-america-en\" \/><area coords=\"247,43,292,61\" shape=\"rect\" href=\"index.php\/service-europe-en\" \/><area coords=\"223,111,276,133\" shape=\"rect\" href=\"index.php\/service-africa-en\" \/><area coords=\"390,170,443,191\" shape=\"rect\" href=\"index.php\/service-oceania-en\" \/><\/map><\/div><\/td>\n<\/tr>\n<\/tbody>\n<\/table>\n<\/div>\t\t\t\t<\/div>\n\t\t\t\t<\/div>\n\t\t\t\t<div class=\"elementor-element elementor-element-bbe7bdd elementor-widget__width-auto elementor-widget elementor-widget-heading\" data-id=\"bbe7bdd\" data-element_type=\"widget\" data-e-type=\"widget\" data-widget_type=\"heading.default\">\n\t\t\t\t<div class=\"elementor-widget-container\">\n\t\t\t\t\t<h4 class=\"elementor-heading-title elementor-size-default\">Service Centers - <br>\nCentral &amp; South America<\/h4>\t\t\t\t<\/div>\n\t\t\t\t<\/div>\n\t\t\t\t\t<\/div>\n\t\t\t\t<\/div>\n\t\t<div class=\"elementor-element elementor-element-8bacf1b e-flex e-con-boxed e-con e-parent\" data-id=\"8bacf1b\" data-element_type=\"container\" data-e-type=\"container\">\n\t\t\t\t\t<div class=\"e-con-inner\">\n\t\t\t\t<div class=\"elementor-element elementor-element-023b6ff elementor-widget__width-initial elementor-widget-tablet__width-initial elementor-widget elementor-widget-elementskit-tablepress\" data-id=\"023b6ff\" data-element_type=\"widget\" data-e-type=\"widget\" data-widget_type=\"elementskit-tablepress.default\">\n\t\t\t\t<div class=\"elementor-widget-container\">\n\t\t\t\t\t<div class=\"elemenetskit-tablepress ekit-wid-con\" id=\"ekit_tablepress_023b6ff\">\n<table id=\"tablepress-207\" class=\"tablepress tablepress-id-207\">\n<thead>\n<tr class=\"row-1\">\n\t<th class=\"column-1\">Territory<\/th><th class=\"column-2\">Service Center<\/th>\n<\/tr>\n<\/thead>\n<tbody class=\"row-striping row-hover\">\n<tr class=\"row-2\">\n\t<td class=\"column-1\">BRAZIL<\/td><td class=\"column-2\"><b><span style=\"color:#642100\">ADAMI AUTOMA\u00c7\u00c3O ELETR\u00d4NICA LTDA<\/span><\/b><br><br \/>\r\nRua:pinheiro n\u25e6345 - Loja 01 - T\u00e9rreo Bairro Morada do sol. Colatina - ES Cep 29704-861 Brazil<br \/>\r\nTEL : 55-27-3049-0172<br \/>\r\nFAX : 55-27-98135-0235<br \/>\r\nEMAIL : <a href=\"mailto:automach@automach.com.br?subject=From Ho Hsing Web Site-Service Center-\">automach@automach.com.br<\/a><\/td>\n<\/tr>\n<tr class=\"row-3\">\n\t<td class=\"column-1\">BRAZIL<\/td><td class=\"column-2\"><b><span style=\"color:#642100\">Advam comercio servi\u00e7o ltda<\/span><\/b><br><br \/>\r\nR: CIDADE DO SOL ,5940 LOJA 07 -PITIMBU CEP:59067-720 NATAL\/RN BRASIL<br \/>\r\nTEL : 55-84-3208-1122<br \/>\r\nFAX : 55-84-3208-0516<br \/>\r\nEMAIL : <a href=\"mailto:automach@automach.com.br?subject=From Ho Hsing Web Site-Service Center-\">automach@automach.com.br<\/a><\/td>\n<\/tr>\n<tr class=\"row-4\">\n\t<td class=\"column-1\">BRAZIL<\/td><td class=\"column-2\"><b><span style=\"color:#642100\">FR TECH COM\u00c9RCIO DE MAQUINAS LTDA<\/span><\/b><br><br \/>\r\nNeighborhood Bom Retiro Sao Paulo City State Sao Paulo Brazil (Zip Code 01127 000, Cnpj:42.200.026\/0001-23)<br \/>\r\nTEL : 55-11-3337-6943<br \/>\r\nMOBILE-1 : 55-11-99507-0068<br \/>\r\nMOBILE-2 : 55-11-97453-2275<br \/>\r\nEMAIL-1 : <a href=\"mailto:fellipeguerra@maquinasuniao.com.br?subject=From Ho Hsing Web Site-Service Center-\">fellipeguerra@maquinasuniao.com.br<\/a><br \/>\r\nEMAIL-2 : <a href=\"mailto:rafakblo0313@gmail.com?subject=From Ho Hsing Web Site-Service Center-\">rafakblo0313@gmail.com<\/a><\/td>\n<\/tr>\n<tr class=\"row-5\">\n\t<td class=\"column-1\">BRAZIL<\/td><td class=\"column-2\"><b><span style=\"color:#642100\">IVOMAQ SEWING MACHINE CO.<\/span><\/b><br><br \/>\r\nOtllio M. Dos Santos, 3045 Franca Sp-Brazil Cep 14401-902<br \/>\r\nTEL : 55-16-720-1000 (FRANCA)<br \/>\r\nFAX : 55-16-720-1011 (FRANCA)<\/td>\n<\/tr>\n<tr class=\"row-6\">\n\t<td class=\"column-1\">BRAZIL<\/td><td class=\"column-2\"><b><span style=\"color:#642100\">JFK ELETRO ELETR\u00d4NICA LTDA \u2013 EPP<\/span><\/b><br><br \/>\r\nRua Francisco Margarida, 642- Cep 89052-080-Itoupava Norte- Blumenau- Sc<br \/>\r\nTEL : 55-47-3323-1419<br \/>\r\nEMAIL : <a href=\"mailto:jfk.bnu@terra.com.br?subject=From Ho Hsing Web Site-Service Center-\">jfk.bnu@terra.com.br<\/a><br \/>\r\nWEB : <a href=\"http:\/\/www.jfkeletronica.com.br\" target=\"_blank\" rel=\"noreferrer noopener nofollow\">www.jfkeletronica.com.br<\/a><\/td>\n<\/tr>\n<tr class=\"row-7\">\n\t<td class=\"column-1\">BRAZIL<\/td><td class=\"column-2\"><b><span style=\"color:#642100\">NEWTECH COMERCIO SERVICOS LTDA<\/span><\/b><br><br \/>\r\nStreet: Jo\u00e3o de Alencar, N\u00ba 23 Neighborhood: Centro City: aracana\u00fa - CE Zip code: 61.900-150 , BRAZIL<br \/>\r\nMOBILE : 55-85-99704-44918<br \/>\r\nWhatsApp : 55-85-99704-4918<br \/>\r\nEMAIL : <a href=\"mailto:telles.newtech@gmail.com?subject=From Ho Hsing Web Site-Service Center-\">telles.newtech@gmail.com<\/a><\/td>\n<\/tr>\n<tr class=\"row-8\">\n\t<td class=\"column-1\">BRAZIL<\/td><td class=\"column-2\"><b><span style=\"color:#642100\">QUICK ELETRONICA.<\/span><\/b><br><br \/>\r\nAv.Perdo Adams F,3624 S. 01-B.Patria Nova-Nh-Rs-Cep 93320-004, Brazil<br \/>\r\nTEL : 55-515933063<br \/>\r\nFAX : 55-515828190<br \/>\r\nEMAIL : <a href=\"mailto:quickeletronica@quickeletronica.com.br?subject=From Ho Hsing Web Site-Service Center-\">quickeletronica@quickeletronica.com.br<\/a><\/td>\n<\/tr>\n<tr class=\"row-9\">\n\t<td class=\"column-1\">HONDURAS<\/td><td class=\"column-2\"><b><span style=\"color:#642100\">ELECTRONIC SUPPLY AND CONSULTING<\/span><\/b><br><br \/>\r\nBuilding No.16 Zona Libre Zip San Jose San Pedro Sula, Cortes Republic Of Honduras<br \/>\r\nTEL : 504-554-2880<br \/>\r\nFAX : 504-554-2884<br \/>\r\nEMAIL : <a href=\"mailto:ventas@esc-hn.com?subject=From Ho Hsing Web Site-Service Center-\">ventas@esc-hn.com<\/a><br \/>\r\nWEB : <a href=\"http:\/\/www.esc-hn.com\" target=\"_blank\" rel=\"noreferrer noopener nofollow\">www.esc-hn.com<\/a><\/td>\n<\/tr>\n<tr class=\"row-10\">\n\t<td class=\"column-1\">PERU<\/td><td class=\"column-2\"><b><span style=\"color:#642100\">LIDERMAQ COSTURA SAC<\/span><\/b><br><br \/>\r\nJR. MANUEL GONZALES FLORES NO. 1274, LIMA 31, LIMA, PERU<br \/>\r\nTEL : 51-1-353-0384<br \/>\r\nFAX : 51-1-327-2513<br \/>\r\nEMAIL-1 : <a href=\"mailto:miguelaylas@yahho.pe?subject=From Ho Hsing Web Site-Service Center-\">miguelaylas@yahho.pe<\/a><br \/>\r\nEMAIL-2 : <a href=\"mailto:miguelaylas@hotmail.com?subject=From Ho Hsing Web Site-Service Center-\">miguelaylas@hotmail.com<\/a><\/td>\n<\/tr>\n<\/tbody>\n<\/table>\n<\/div>\t\t\t\t<\/div>\n\t\t\t\t<\/div>\n\t\t\t\t\t<\/div>\n\t\t\t\t<\/div>\n\t\t\t\t<\/div>\n\t\t","protected":false},"excerpt":{"rendered":"<p>\u7de8\u8f2f Service Centers &#8211; Central &#038; South America [&hellip;]<\/p>\n","protected":false},"author":1,"featured_media":9468,"parent":0,"menu_order":0,"comment_status":"closed","ping_status":"closed","template":"","meta":{"footnotes":""},"categories":[380],"tags":[],"class_list":["post-8241","page","type-page","status-publish","has-post-thumbnail","hentry","category-service-centers-en"],"blocksy_meta":{"styles_descriptor":{"styles":{"desktop":"","tablet":"","mobile":""},"google_fonts":[],"version":6}},"_links":{"self":[{"href":"https:\/\/www.hohsing.com\/index.php\/wp-json\/wp\/v2\/pages\/8241","targetHints":{"allow":["GET"]}}],"collection":[{"href":"https:\/\/www.hohsing.com\/index.php\/wp-json\/wp\/v2\/pages"}],"about":[{"href":"https:\/\/www.hohsing.com\/index.php\/wp-json\/wp\/v2\/types\/page"}],"author":[{"embeddable":true,"href":"https:\/\/www.hohsing.com\/index.php\/wp-json\/wp\/v2\/users\/1"}],"replies":[{"embeddable":true,"href":"https:\/\/www.hohsing.com\/index.php\/wp-json\/wp\/v2\/comments?post=8241"}],"version-history":[{"count":0,"href":"https:\/\/www.hohsing.com\/index.php\/wp-json\/wp\/v2\/pages\/8241\/revisions"}],"wp:featuredmedia":[{"embeddable":true,"href":"https:\/\/www.hohsing.com\/index.php\/wp-json\/wp\/v2\/media\/9468"}],"wp:attachment":[{"href":"https:\/\/www.hohsing.com\/index.php\/wp-json\/wp\/v2\/media?parent=8241"}],"wp:term":[{"taxonomy":"category","embeddable":true,"href":"https:\/\/www.hohsing.com\/index.php\/wp-json\/wp\/v2\/categories?post=8241"},{"taxonomy":"post_tag","embeddable":true,"href":"https:\/\/www.hohsing.com\/index.php\/wp-json\/wp\/v2\/tags?post=8241"}],"curies":[{"name":"wp","href":"https:\/\/api.w.org\/{rel}","templated":true}]}}